{"id":4305,"date":"2023-04-29T00:25:54","date_gmt":"2023-04-29T00:25:54","guid":{"rendered":"https:\/\/repuestosgp.cl\/?post_type=product&#038;p=4305"},"modified":"2023-04-29T00:25:54","modified_gmt":"2023-04-29T00:25:54","slug":"hyundai-grand-i10-2015-2019-electroventilador","status":"publish","type":"product","link":"https:\/\/repuestosgp.cl\/?product=hyundai-grand-i10-2015-2019-electroventilador","title":{"rendered":"HYUNDAI GRAND I10 2015-2019 ELECTROVENTILADOR"},"content":{"rendered":"<p>REPUESTO NUEVO<br \/>\nAPLICA PARA MODELO GRAND I10 ENTRE 2015 Y 2019<br \/>\nA REGIONES DESP\u00c1CHAMOS DIARIAMENTE A TRAV\u00c9S DE STARKEN<br \/>\nATENCI\u00d3N CLIENTES +56940401600 DESARMADURIA GP CHILE<\/p>\n","protected":false},"excerpt":{"rendered":"<p>REPUESTO NUEVO APLICA PARA MODELO GRAND I10 ENTRE 2015 Y 2019 A REGIONES DESP\u00c1CHAMOS DIARIAMENTE A TRAV\u00c9S DE STARKEN ATENCI\u00d3N CLIENTES +56940401600 DESARMADURIA GP CHILE<\/p>\n","protected":false},"featured_media":4232,"template":"","meta":{"site-sidebar-layout":"default","site-content-layout":"default","ast-global-header-display":"","ast-main-header-display":"","ast-hfb-above-header-display":"","ast-hfb-below-header-display":"","ast-hfb-mobile-header-display":"","site-post-title":"","ast-breadcrumbs-content":"","ast-featured-img":"","footer-sml-layout":"","theme-transparent-header-meta":"default","adv-header-id-meta":"","stick-header-meta":"","header-above-stick-meta":"","header-main-stick-meta":"","header-below-stick-meta":"","_themeisle_gutenberg_block_has_review":false,"_joinchat":[]},"product_cat":[37],"product_tag":[],"_links":{"self":[{"href":"https:\/\/repuestosgp.cl\/index.php?rest_route=\/wp\/v2\/product\/4305"}],"collection":[{"href":"https:\/\/repuestosgp.cl\/index.php?rest_route=\/wp\/v2\/product"}],"about":[{"href":"https:\/\/repuestosgp.cl\/index.php?rest_route=\/wp\/v2\/types\/product"}],"wp:featuredmedia":[{"embeddable":true,"href":"https:\/\/repuestosgp.cl\/index.php?rest_route=\/wp\/v2\/media\/4232"}],"wp:attachment":[{"href":"https:\/\/repuestosgp.cl\/index.php?rest_route=%2Fwp%2Fv2%2Fmedia&parent=4305"}],"wp:term":[{"taxonomy":"product_cat","embeddable":true,"href":"https:\/\/repuestosgp.cl\/index.php?rest_route=%2Fwp%2Fv2%2Fproduct_cat&post=4305"},{"taxonomy":"product_tag","embeddable":true,"href":"https:\/\/repuestosgp.cl\/index.php?rest_route=%2Fwp%2Fv2%2Fproduct_tag&post=4305"}],"curies":[{"name":"wp","href":"https:\/\/api.w.org\/{rel}","templated":true}]}}