{"id":4316,"date":"2023-04-29T01:28:00","date_gmt":"2023-04-29T01:28:00","guid":{"rendered":"https:\/\/repuestosgp.cl\/?post_type=product&#038;p=4316"},"modified":"2023-04-29T01:28:00","modified_gmt":"2023-04-29T01:28:00","slug":"mitsubishi-l200-2019-2023-work-katana-2","status":"publish","type":"product","link":"https:\/\/repuestosgp.cl\/?product=mitsubishi-l200-2019-2023-work-katana-2","title":{"rendered":"MITSUBISHI L200 2019-2023 WORK KATANA"},"content":{"rendered":"<p>REPUESTO NUEVO<br \/>\nAPLICA PARA MODELO L200 ENTRE 2019 Y 2023 WORK KATANA<br \/>\nA REGIONES DESP\u00c1CHAMOS DIARIAMENTE A TRAV\u00c9S DE STARKEN<br \/>\nATENCI\u00d3N CLIENTES +56940401600 DESARMADURIA GP CHILE<\/p>\n","protected":false},"excerpt":{"rendered":"<p>REPUESTO NUEVO APLICA PARA MODELO L200 ENTRE 2019 Y 2023 WORK KATANA A REGIONES DESP\u00c1CHAMOS DIARIAMENTE A TRAV\u00c9S DE STARKEN ATENCI\u00d3N CLIENTES +56940401600 DESARMADURIA GP CHILE<\/p>\n","protected":false},"featured_media":4250,"template":"","meta":{"site-sidebar-layout":"default","site-content-layout":"default","ast-global-header-display":"","ast-main-header-display":"","ast-hfb-above-header-display":"","ast-hfb-below-header-display":"","ast-hfb-mobile-header-display":"","site-post-title":"","ast-breadcrumbs-content":"","ast-featured-img":"","footer-sml-layout":"","theme-transparent-header-meta":"default","adv-header-id-meta":"","stick-header-meta":"","header-above-stick-meta":"","header-main-stick-meta":"","header-below-stick-meta":"","_themeisle_gutenberg_block_has_review":false,"_joinchat":[]},"product_cat":[29],"product_tag":[],"_links":{"self":[{"href":"https:\/\/repuestosgp.cl\/index.php?rest_route=\/wp\/v2\/product\/4316"}],"collection":[{"href":"https:\/\/repuestosgp.cl\/index.php?rest_route=\/wp\/v2\/product"}],"about":[{"href":"https:\/\/repuestosgp.cl\/index.php?rest_route=\/wp\/v2\/types\/product"}],"wp:featuredmedia":[{"embeddable":true,"href":"https:\/\/repuestosgp.cl\/index.php?rest_route=\/wp\/v2\/media\/4250"}],"wp:attachment":[{"href":"https:\/\/repuestosgp.cl\/index.php?rest_route=%2Fwp%2Fv2%2Fmedia&parent=4316"}],"wp:term":[{"taxonomy":"product_cat","embeddable":true,"href":"https:\/\/repuestosgp.cl\/index.php?rest_route=%2Fwp%2Fv2%2Fproduct_cat&post=4316"},{"taxonomy":"product_tag","embeddable":true,"href":"https:\/\/repuestosgp.cl\/index.php?rest_route=%2Fwp%2Fv2%2Fproduct_tag&post=4316"}],"curies":[{"name":"wp","href":"https:\/\/api.w.org\/{rel}","templated":true}]}}