{"id":4317,"date":"2023-04-29T01:31:37","date_gmt":"2023-04-29T01:31:37","guid":{"rendered":"https:\/\/repuestosgp.cl\/?post_type=product&#038;p=4317"},"modified":"2023-04-29T01:31:37","modified_gmt":"2023-04-29T01:31:37","slug":"suzuki-celerio-2010-2015-optico-lh","status":"publish","type":"product","link":"https:\/\/repuestosgp.cl\/?product=suzuki-celerio-2010-2015-optico-lh","title":{"rendered":"SUZUKI CELERIO 2010-2015 OPTICO LH"},"content":{"rendered":"<p>REPUESTO NUEVO<br \/>\nAPLICA PARA MODELO CELERIO ENTRE 2010 Y 2015<br \/>\nA REGIONES DESP\u00c1CHAMOS DIARIAMENTE A TRAV\u00c9S DE STARKEN<br \/>\nATENCI\u00d3N CLIENTES +56940401600 DESARMADURIA GP CHILE<\/p>\n","protected":false},"excerpt":{"rendered":"<p>REPUESTO NUEVO APLICA PARA MODELO CELERIO ENTRE 2010 Y 2015 A REGIONES DESP\u00c1CHAMOS DIARIAMENTE A TRAV\u00c9S DE STARKEN ATENCI\u00d3N CLIENTES +56940401600 DESARMADURIA GP CHILE<\/p>\n","protected":false},"featured_media":4242,"template":"","meta":{"site-sidebar-layout":"default","site-content-layout":"default","ast-global-header-display":"","ast-main-header-display":"","ast-hfb-above-header-display":"","ast-hfb-below-header-display":"","ast-hfb-mobile-header-display":"","site-post-title":"","ast-breadcrumbs-content":"","ast-featured-img":"","footer-sml-layout":"","theme-transparent-header-meta":"default","adv-header-id-meta":"","stick-header-meta":"","header-above-stick-meta":"","header-main-stick-meta":"","header-below-stick-meta":"","_themeisle_gutenberg_block_has_review":false,"_joinchat":[]},"product_cat":[29],"product_tag":[],"_links":{"self":[{"href":"https:\/\/repuestosgp.cl\/index.php?rest_route=\/wp\/v2\/product\/4317"}],"collection":[{"href":"https:\/\/repuestosgp.cl\/index.php?rest_route=\/wp\/v2\/product"}],"about":[{"href":"https:\/\/repuestosgp.cl\/index.php?rest_route=\/wp\/v2\/types\/product"}],"wp:featuredmedia":[{"embeddable":true,"href":"https:\/\/repuestosgp.cl\/index.php?rest_route=\/wp\/v2\/media\/4242"}],"wp:attachment":[{"href":"https:\/\/repuestosgp.cl\/index.php?rest_route=%2Fwp%2Fv2%2Fmedia&parent=4317"}],"wp:term":[{"taxonomy":"product_cat","embeddable":true,"href":"https:\/\/repuestosgp.cl\/index.php?rest_route=%2Fwp%2Fv2%2Fproduct_cat&post=4317"},{"taxonomy":"product_tag","embeddable":true,"href":"https:\/\/repuestosgp.cl\/index.php?rest_route=%2Fwp%2Fv2%2Fproduct_tag&post=4317"}],"curies":[{"name":"wp","href":"https:\/\/api.w.org\/{rel}","templated":true}]}}