{"id":4335,"date":"2023-04-29T02:59:46","date_gmt":"2023-04-29T02:59:46","guid":{"rendered":"https:\/\/repuestosgp.cl\/?post_type=product&#038;p=4335"},"modified":"2023-04-29T02:59:46","modified_gmt":"2023-04-29T02:59:46","slug":"chevrolet-groove-2020-2023-optico-neblinero-lh","status":"publish","type":"product","link":"https:\/\/repuestosgp.cl\/?product=chevrolet-groove-2020-2023-optico-neblinero-lh","title":{"rendered":"CHEVROLET GROOVE 2020 2023 OPTICO NEBLINERO LH"},"content":{"rendered":"<p>REPUESTO NUEVO<br \/>\nAPLICA PARA MODELO CHEVROLET GROOVE ENTRE 2020 Y 2023<br \/>\nA REGIONES DESP\u00c1CHAMOS DIARIAMENTE A TRAV\u00c9S DE STARKEN<br \/>\nATENCI\u00d3N CLIENTES +56940401600 DESARMADURIA GP CHILE<\/p>\n","protected":false},"excerpt":{"rendered":"<p>REPUESTO NUEVO APLICA PARA MODELO CHEVROLET GROOVE ENTRE 2020 Y 2023 A REGIONES DESP\u00c1CHAMOS DIARIAMENTE A TRAV\u00c9S DE STARKEN ATENCI\u00d3N CLIENTES +56940401600 DESARMADURIA GP CHILE<\/p>\n","protected":false},"featured_media":4263,"template":"","meta":{"site-sidebar-layout":"default","site-content-layout":"default","ast-global-header-display":"","ast-main-header-display":"","ast-hfb-above-header-display":"","ast-hfb-below-header-display":"","ast-hfb-mobile-header-display":"","site-post-title":"","ast-breadcrumbs-content":"","ast-featured-img":"","footer-sml-layout":"","theme-transparent-header-meta":"default","adv-header-id-meta":"","stick-header-meta":"","header-above-stick-meta":"","header-main-stick-meta":"","header-below-stick-meta":"","_themeisle_gutenberg_block_has_review":false,"_joinchat":[]},"product_cat":[41,29],"product_tag":[],"_links":{"self":[{"href":"https:\/\/repuestosgp.cl\/index.php?rest_route=\/wp\/v2\/product\/4335"}],"collection":[{"href":"https:\/\/repuestosgp.cl\/index.php?rest_route=\/wp\/v2\/product"}],"about":[{"href":"https:\/\/repuestosgp.cl\/index.php?rest_route=\/wp\/v2\/types\/product"}],"wp:featuredmedia":[{"embeddable":true,"href":"https:\/\/repuestosgp.cl\/index.php?rest_route=\/wp\/v2\/media\/4263"}],"wp:attachment":[{"href":"https:\/\/repuestosgp.cl\/index.php?rest_route=%2Fwp%2Fv2%2Fmedia&parent=4335"}],"wp:term":[{"taxonomy":"product_cat","embeddable":true,"href":"https:\/\/repuestosgp.cl\/index.php?rest_route=%2Fwp%2Fv2%2Fproduct_cat&post=4335"},{"taxonomy":"product_tag","embeddable":true,"href":"https:\/\/repuestosgp.cl\/index.php?rest_route=%2Fwp%2Fv2%2Fproduct_tag&post=4335"}],"curies":[{"name":"wp","href":"https:\/\/api.w.org\/{rel}","templated":true}]}}