{"id":4338,"date":"2023-04-29T03:05:32","date_gmt":"2023-04-29T03:05:32","guid":{"rendered":"https:\/\/repuestosgp.cl\/?post_type=product&#038;p=4338"},"modified":"2023-04-29T03:05:32","modified_gmt":"2023-04-29T03:05:32","slug":"nissan-tiida-2008-2016-parachoque-trasero","status":"publish","type":"product","link":"https:\/\/repuestosgp.cl\/?product=nissan-tiida-2008-2016-parachoque-trasero","title":{"rendered":"NISSAN TIIDA 2008 2016 PARACHOQUE TRASERO"},"content":{"rendered":"<p>REPUESTO NUEVO<br \/>\nAPLICA PARA MODELO NISSAN TIIDA ENTRE 2008 Y 2016<br \/>\nA REGIONES DESP\u00c1CHAMOS DIARIAMENTE A TRAV\u00c9S DE STARKEN<br \/>\nATENCI\u00d3N CLIENTES +56940401600 DESARMADURIA GP CHILE<\/p>\n","protected":false},"excerpt":{"rendered":"<p>REPUESTO NUEVO APLICA PARA MODELO NISSAN TIIDA ENTRE 2008 Y 2016 A REGIONES DESP\u00c1CHAMOS DIARIAMENTE A TRAV\u00c9S DE STARKEN ATENCI\u00d3N CLIENTES +56940401600 DESARMADURIA GP CHILE<\/p>\n","protected":false},"featured_media":4266,"template":"","meta":{"site-sidebar-layout":"default","site-content-layout":"default","ast-global-header-display":"","ast-main-header-display":"","ast-hfb-above-header-display":"","ast-hfb-below-header-display":"","ast-hfb-mobile-header-display":"","site-post-title":"","ast-breadcrumbs-content":"","ast-featured-img":"","footer-sml-layout":"","theme-transparent-header-meta":"default","adv-header-id-meta":"","stick-header-meta":"","header-above-stick-meta":"","header-main-stick-meta":"","header-below-stick-meta":"","_themeisle_gutenberg_block_has_review":false,"_joinchat":[]},"product_cat":[23],"product_tag":[],"_links":{"self":[{"href":"https:\/\/repuestosgp.cl\/index.php?rest_route=\/wp\/v2\/product\/4338"}],"collection":[{"href":"https:\/\/repuestosgp.cl\/index.php?rest_route=\/wp\/v2\/product"}],"about":[{"href":"https:\/\/repuestosgp.cl\/index.php?rest_route=\/wp\/v2\/types\/product"}],"wp:featuredmedia":[{"embeddable":true,"href":"https:\/\/repuestosgp.cl\/index.php?rest_route=\/wp\/v2\/media\/4266"}],"wp:attachment":[{"href":"https:\/\/repuestosgp.cl\/index.php?rest_route=%2Fwp%2Fv2%2Fmedia&parent=4338"}],"wp:term":[{"taxonomy":"product_cat","embeddable":true,"href":"https:\/\/repuestosgp.cl\/index.php?rest_route=%2Fwp%2Fv2%2Fproduct_cat&post=4338"},{"taxonomy":"product_tag","embeddable":true,"href":"https:\/\/repuestosgp.cl\/index.php?rest_route=%2Fwp%2Fv2%2Fproduct_tag&post=4338"}],"curies":[{"name":"wp","href":"https:\/\/api.w.org\/{rel}","templated":true}]}}